{"id":504,"date":"2026-04-16T16:22:36","date_gmt":"2026-04-16T14:22:36","guid":{"rendered":"https:\/\/elisabeth-naturopathe.fr\/?page_id=504"},"modified":"2026-04-16T16:22:36","modified_gmt":"2026-04-16T14:22:36","slug":"une-approche-specialisee-inflammation-chronique-et-arthrose","status":"publish","type":"page","link":"https:\/\/elisabeth-naturopathe.fr\/index.php\/une-approche-specialisee-inflammation-chronique-et-arthrose\/","title":{"rendered":"Une approche sp\u00e9cialis\u00e9e : inflammation chronique et arthrose"},"content":{"rendered":"\n<p>Je me suis sp\u00e9cialis\u00e9e dans l&rsquo;accompagnement des<strong> terrains inflammatoires chroniques<\/strong> et plus particuli\u00e8rement de l<strong>&lsquo;arthrose<\/strong>. <\/p>\n\n\n\n<p>Touch\u00e9e personnellement par une coxarthrose, j&rsquo;ai choisi de transformer cette exp\u00e9rience en expertise. Elle me permet aujourd&rsquo;hui d&rsquo;accompagner avec une compr\u00e9hension fine et authentique les personnes souffrant d&rsquo;arthrose, en leur proposant des solutions naturelles pour soulager leurs douleurs, retrouver plus de mobilit\u00e9 et am\u00e9liorer leur qualit\u00e9 de vie.<\/p>\n\n\n\n<p>J&rsquo;interviens notamment \u00e0 travers un<strong> r\u00e9ajustement de l&rsquo;alimentation<\/strong>, pens\u00e9 dans une logique anti-inflammatoire, afin de nourrir le corps avec justesse. Une attention particuli\u00e8re est port\u00e9e \u00e0 l&rsquo;<strong>\u00e9quilibre acido-basique<\/strong>, \u00e0 la qualit\u00e9 de la <strong>digestion<\/strong>, piliers essentiels pour remin\u00e9raliser son corps et stopper la destruction de votre cartilage.<\/p>\n\n\n\n<p>Le travail s&rsquo;\u00e9tend \u00e9galement \u00e0 la <strong>r\u00e9gulation du syst\u00e8me nerveux<\/strong>, en int\u00e9grant la <strong>gestion du stress<\/strong>, du <strong>sommeil<\/strong> et de la <strong>perception de la douleur<\/strong>, pour apaiser en profondeur et durablement.  <\/p>\n\n\n\n<p>Autant de cl\u00e9s qui, harmonieusement associ\u00e9es, permettent au corps de retrouver son intelligence d&rsquo;\u00e9quilibre et sa capacit\u00e9 d&rsquo;apaisement.<\/p>\n","protected":false},"excerpt":{"rendered":"<p>Je me suis sp\u00e9cialis\u00e9e dans l&rsquo;accompagnement des terrains inflammatoires chroniques et plus particuli\u00e8rement de l&lsquo;arthrose. Touch\u00e9e personnellement par une coxarthrose, j&rsquo;ai choisi de transformer cette exp\u00e9rience en expertise. Elle me permet aujourd&rsquo;hui d&rsquo;accompagner avec une compr\u00e9hension fine et authentique les personnes souffrant d&rsquo;arthrose, en leur proposant des solutions naturelles pour soulager leurs douleurs, retrouver plus &hellip; <\/p>\n<p class=\"link-more\"><a href=\"https:\/\/elisabeth-naturopathe.fr\/index.php\/une-approche-specialisee-inflammation-chronique-et-arthrose\/\" class=\"more-link\">Continuer la lecture<span class=\"screen-reader-text\"> de &laquo;&nbsp;Une approche sp\u00e9cialis\u00e9e : inflammation chronique et arthrose&nbsp;&raquo;<\/span><\/a><\/p>\n","protected":false},"author":1,"featured_media":0,"parent":0,"menu_order":0,"comment_status":"closed","ping_status":"closed","template":"","meta":{"footnotes":""},"class_list":["post-504","page","type-page","status-publish","hentry"],"_links":{"self":[{"href":"https:\/\/elisabeth-naturopathe.fr\/index.php\/wp-json\/wp\/v2\/pages\/504","targetHints":{"allow":["GET"]}}],"collection":[{"href":"https:\/\/elisabeth-naturopathe.fr\/index.php\/wp-json\/wp\/v2\/pages"}],"about":[{"href":"https:\/\/elisabeth-naturopathe.fr\/index.php\/wp-json\/wp\/v2\/types\/page"}],"author":[{"embeddable":true,"href":"https:\/\/elisabeth-naturopathe.fr\/index.php\/wp-json\/wp\/v2\/users\/1"}],"replies":[{"embeddable":true,"href":"https:\/\/elisabeth-naturopathe.fr\/index.php\/wp-json\/wp\/v2\/comments?post=504"}],"version-history":[{"count":1,"href":"https:\/\/elisabeth-naturopathe.fr\/index.php\/wp-json\/wp\/v2\/pages\/504\/revisions"}],"predecessor-version":[{"id":505,"href":"https:\/\/elisabeth-naturopathe.fr\/index.php\/wp-json\/wp\/v2\/pages\/504\/revisions\/505"}],"wp:attachment":[{"href":"https:\/\/elisabeth-naturopathe.fr\/index.php\/wp-json\/wp\/v2\/media?parent=504"}],"curies":[{"name":"wp","href":"https:\/\/api.w.org\/{rel}","templated":true}]}}